{"id":337,"date":"2026-03-19T09:03:31","date_gmt":"2026-03-19T09:03:31","guid":{"rendered":"https:\/\/pd-zirovnica.si\/?page_id=337"},"modified":"2026-04-14T14:58:51","modified_gmt":"2026-04-14T14:58:51","slug":"dogodki-v-letu-2026","status":"publish","type":"page","link":"https:\/\/pd-zirovnica.si\/?page_id=337","title":{"rendered":"Dogodki v letu 2026"},"content":{"rendered":"\n<p><\/p>\n\n\n\n<figure class=\"wp-block-table alignwide is-style-regular\"><table class=\"has-tertiary-bg-color-background-color has-background\"><thead><tr><th class=\"has-text-align-center\" data-align=\"center\">Kdaj?<\/th><th>Kam gremo?<\/th><th>Zahtevnost<\/th><th class=\"has-text-align-center\" data-align=\"center\">\u010cas hoje\/kolesarjenja<\/th><th class=\"has-text-align-center\" data-align=\"center\">Vi\u0161inska razlika<\/th><\/tr><\/thead><tbody><tr><td class=\"has-text-align-center\" data-align=\"center\">18. april<\/td><td><strong><a href=\"https:\/\/pd-zirovnica.si\/?page_id=365\" data-type=\"link\" data-id=\"https:\/\/pd-zirovnica.si\/?page_id=365\">Monte Amariana (1905 m)<\/a><\/strong><\/td><td>delo zahtevno<\/td><td class=\"has-text-align-center\" data-align=\"center\">4h<\/td><td class=\"has-text-align-center\" data-align=\"center\">900 m<\/td><\/tr><tr><td class=\"has-text-align-center\" data-align=\"center\">1. maj<\/td><td><strong>Tradicionalni prvomajski shod pri Domu pri izviru Zavr\u0161nice<\/strong><\/td><td>lahko<\/td><td class=\"has-text-align-center\" data-align=\"center\">2h<\/td><td class=\"has-text-align-center\" data-align=\"center\"><\/td><\/tr><tr><td class=\"has-text-align-center\" data-align=\"center\">9. maj<\/td><td><strong>Turni smuk v Avstriji<\/strong><\/td><td>lahek turni smuk<\/td><td class=\"has-text-align-center\" data-align=\"center\">5h<\/td><td class=\"has-text-align-center\" data-align=\"center\">1000 m<\/td><\/tr><tr><td class=\"has-text-align-center\" data-align=\"center\">23. maj<\/td><td><strong>Turno kolesarjenje po Sol\u010davskem<\/strong><\/td><td><\/td><td class=\"has-text-align-center\" data-align=\"center\"><\/td><td class=\"has-text-align-center\" data-align=\"center\"><\/td><\/tr><tr><td class=\"has-text-align-center\" data-align=\"center\">6. junij<\/td><td><strong>Cveto\u010di travniki Blego\u0161a<\/strong><\/td><td>lahko<\/td><td class=\"has-text-align-center\" data-align=\"center\">4h<\/td><td class=\"has-text-align-center\" data-align=\"center\">600 m<\/td><\/tr><tr><td class=\"has-text-align-center\" data-align=\"center\">20. junij<\/td><td><strong>Pohod na Stol ob spominskem dnevu Ob\u010dine \u017dirovnica<\/strong><\/td><td>lahko<\/td><td class=\"has-text-align-center\" data-align=\"center\">5h<\/td><td class=\"has-text-align-center\" data-align=\"center\">1100 m<\/td><\/tr><tr><td class=\"has-text-align-center\" data-align=\"center\">8. avgust<\/td><td><strong>Dolomiti &#8211; Lastron dei Scarperi\/Schusterplatte (2957 m)<\/strong><\/td><td>lahko\/delno zahtevno<\/td><td class=\"has-text-align-center\" data-align=\"center\">4h\/8h<\/td><td class=\"has-text-align-center\" data-align=\"center\">1550\/1000 m<\/td><\/tr><tr><td class=\"has-text-align-center\" data-align=\"center\">12. september<\/td><td><strong>Turno kolesarstvo &#8211; \u0160entvi\u0161ka planota<\/strong><\/td><td><\/td><td class=\"has-text-align-center\" data-align=\"center\"><\/td><td class=\"has-text-align-center\" data-align=\"center\"><\/td><\/tr><tr><td class=\"has-text-align-center\" data-align=\"center\">17. oktober<\/td><td><strong>Zaklju\u010dek sezone v Domu pri izviru Zavr\u0161nice<\/strong><\/td><td><\/td><td class=\"has-text-align-center\" data-align=\"center\"><\/td><td class=\"has-text-align-center\" data-align=\"center\"><\/td><\/tr><tr><td class=\"has-text-align-center\" data-align=\"center\">7. ali 14. november<\/td><td><strong>Martinov pohod<\/strong><\/td><td>lahko<\/td><td class=\"has-text-align-center\" data-align=\"center\">4h<\/td><td class=\"has-text-align-center\" data-align=\"center\">600 m<\/td><\/tr><\/tbody><\/table><\/figure>\n","protected":false},"excerpt":{"rendered":"<p>Kdaj? Kam gremo? Zahtevnost \u010cas hoje\/kolesarjenja Vi\u0161inska razlika 18. april Monte Amariana (1905 m) delo zahtevno 4h 900 m 1. maj Tradicionalni prvomajski shod pri Domu pri izviru Zavr\u0161nice lahko 2h 9. maj Turni smuk v Avstriji lahek turni smuk 5h 1000 m 23. maj Turno kolesarjenje po Sol\u010davskem 6. junij Cveto\u010di travniki Blego\u0161a lahko [&hellip;]<\/p>\n","protected":false},"author":1,"featured_media":0,"parent":0,"menu_order":0,"comment_status":"closed","ping_status":"closed","template":"","meta":{"footnotes":""},"_links":{"self":[{"href":"https:\/\/pd-zirovnica.si\/index.php?rest_route=\/wp\/v2\/pages\/337"}],"collection":[{"href":"https:\/\/pd-zirovnica.si\/index.php?rest_route=\/wp\/v2\/pages"}],"about":[{"href":"https:\/\/pd-zirovnica.si\/index.php?rest_route=\/wp\/v2\/types\/page"}],"author":[{"embeddable":true,"href":"https:\/\/pd-zirovnica.si\/index.php?rest_route=\/wp\/v2\/users\/1"}],"replies":[{"embeddable":true,"href":"https:\/\/pd-zirovnica.si\/index.php?rest_route=%2Fwp%2Fv2%2Fcomments&post=337"}],"version-history":[{"count":7,"href":"https:\/\/pd-zirovnica.si\/index.php?rest_route=\/wp\/v2\/pages\/337\/revisions"}],"predecessor-version":[{"id":371,"href":"https:\/\/pd-zirovnica.si\/index.php?rest_route=\/wp\/v2\/pages\/337\/revisions\/371"}],"wp:attachment":[{"href":"https:\/\/pd-zirovnica.si\/index.php?rest_route=%2Fwp%2Fv2%2Fmedia&parent=337"}],"curies":[{"name":"wp","href":"https:\/\/api.w.org\/{rel}","templated":true}]}}