{"id":365,"date":"2026-04-14T14:57:53","date_gmt":"2026-04-14T14:57:53","guid":{"rendered":"https:\/\/pd-zirovnica.si\/?page_id=365"},"modified":"2026-04-14T14:57:53","modified_gmt":"2026-04-14T14:57:53","slug":"365-2","status":"publish","type":"page","link":"https:\/\/pd-zirovnica.si\/?page_id=365","title":{"rendered":""},"content":{"rendered":"\n<p><\/p>\n\n\n\n<p>Glede na \u0161e vedno zasne\u017eeni zgornji del poti na Monte Amariano, Planinsko dru\u0161tvo \u017dirovnica vabi na planinski pohod na:<\/p>\n\n\n\n<p><strong>Mali Karman (Monte Cuarnan) 1372 m<\/strong><\/p>\n\n\n\n<p>Med Alpami in Padsko ni\u017eino<\/p>\n\n\n\n<p>Zahodne Julijske Alpe \u2013 Mali Karman \u2013 Monte Cuarnan (1372 mnv)<\/p>\n\n\n\n<p>Izhodi\u0161\u010de: parkiri\u0161\u010de 590 m nad Huminom (Gemona)<\/p>\n\n\n\n<p>Prevoz: lastna osebna vozila Rate\u010de-Trbi\u017e-Gemona cca 130 km 2h<\/p>\n\n\n\n<p>Trajanje in te\u017eavnost pohoda: vzpon 2,5 h, sestop 1,5h, skupaj \u00a04 h, nezahtevna ozna\u010dena pot<\/p>\n\n\n\n<p>Oprema: planinska pohodna, malica in pija\u010da iz nahrbtnika<\/p>\n\n\n\n<p>Odhod: ob 6.00 uri iz \u017dirovnice<\/p>\n\n\n\n<p>Obvezne prijave na tel.: 041 916 728 Jernej<\/p>\n\n\n\n<p><\/p>\n\n\n\n<figure class=\"wp-block-image size-full\"><img loading=\"lazy\" decoding=\"async\" width=\"926\" height=\"522\" src=\"https:\/\/pd-zirovnica.si\/wp-content\/uploads\/2026\/04\/image.png\" alt=\"\" class=\"wp-image-367\" srcset=\"https:\/\/pd-zirovnica.si\/wp-content\/uploads\/2026\/04\/image.png 926w, https:\/\/pd-zirovnica.si\/wp-content\/uploads\/2026\/04\/image-300x169.png 300w, https:\/\/pd-zirovnica.si\/wp-content\/uploads\/2026\/04\/image-768x433.png 768w\" sizes=\"(max-width: 926px) 100vw, 926px\" \/><\/figure>\n","protected":false},"excerpt":{"rendered":"<p>Glede na \u0161e vedno zasne\u017eeni zgornji del poti na Monte Amariano, Planinsko dru\u0161tvo \u017dirovnica vabi na planinski pohod na: Mali Karman (Monte Cuarnan) 1372 m Med Alpami in Padsko ni\u017eino Zahodne Julijske Alpe \u2013 Mali Karman \u2013 Monte Cuarnan (1372 mnv) Izhodi\u0161\u010de: parkiri\u0161\u010de 590 m nad Huminom (Gemona) Prevoz: lastna osebna vozila Rate\u010de-Trbi\u017e-Gemona cca 130 [&hellip;]<\/p>\n","protected":false},"author":3,"featured_media":0,"parent":0,"menu_order":0,"comment_status":"closed","ping_status":"closed","template":"","meta":{"footnotes":""},"_links":{"self":[{"href":"https:\/\/pd-zirovnica.si\/index.php?rest_route=\/wp\/v2\/pages\/365"}],"collection":[{"href":"https:\/\/pd-zirovnica.si\/index.php?rest_route=\/wp\/v2\/pages"}],"about":[{"href":"https:\/\/pd-zirovnica.si\/index.php?rest_route=\/wp\/v2\/types\/page"}],"author":[{"embeddable":true,"href":"https:\/\/pd-zirovnica.si\/index.php?rest_route=\/wp\/v2\/users\/3"}],"replies":[{"embeddable":true,"href":"https:\/\/pd-zirovnica.si\/index.php?rest_route=%2Fwp%2Fv2%2Fcomments&post=365"}],"version-history":[{"count":3,"href":"https:\/\/pd-zirovnica.si\/index.php?rest_route=\/wp\/v2\/pages\/365\/revisions"}],"predecessor-version":[{"id":369,"href":"https:\/\/pd-zirovnica.si\/index.php?rest_route=\/wp\/v2\/pages\/365\/revisions\/369"}],"wp:attachment":[{"href":"https:\/\/pd-zirovnica.si\/index.php?rest_route=%2Fwp%2Fv2%2Fmedia&parent=365"}],"curies":[{"name":"wp","href":"https:\/\/api.w.org\/{rel}","templated":true}]}}