{"id":374,"date":"2026-04-24T11:48:40","date_gmt":"2026-04-24T11:48:40","guid":{"rendered":"https:\/\/pd-zirovnica.si\/?page_id=374"},"modified":"2026-04-24T11:48:40","modified_gmt":"2026-04-24T11:48:40","slug":"374-2","status":"publish","type":"page","link":"https:\/\/pd-zirovnica.si\/?page_id=374","title":{"rendered":""},"content":{"rendered":"\n<p><\/p>\n\n\n\n<p class=\"has-text-align-left\"><strong>Med Alpami in Padsko ni\u017eino \u2013 izlet na Mali Karman (Monte Cuarnan) 1372 m<\/strong><\/p>\n\n\n\n<p class=\"has-text-align-left\">V soboto, 18. aprila, smo v PD \u017dirovnica organizirali\u00a0 izlet v zahodne Julijske Alpe. Z izhodi\u0161\u010da na 590 metrih nadmorske vi\u0161ine (parkiri\u0161\u010de nad Huminom) smo se vzpeli na 1372 metrov visoki Mali Karman. Na nezahtevno ozna\u010deno pot se je podalo \u0161est udele\u017enecev z vodnikom, med njimi petletni Alja\u017e.<\/p>\n\n\n\n<figure class=\"wp-block-image size-large\"><img loading=\"lazy\" decoding=\"async\" width=\"1024\" height=\"355\" src=\"https:\/\/pd-zirovnica.si\/wp-content\/uploads\/2026\/04\/slika-1-1024x355.jpg\" alt=\"\" class=\"wp-image-389\" srcset=\"https:\/\/pd-zirovnica.si\/wp-content\/uploads\/2026\/04\/slika-1-1024x355.jpg 1024w, https:\/\/pd-zirovnica.si\/wp-content\/uploads\/2026\/04\/slika-1-300x104.jpg 300w, https:\/\/pd-zirovnica.si\/wp-content\/uploads\/2026\/04\/slika-1-768x266.jpg 768w, https:\/\/pd-zirovnica.si\/wp-content\/uploads\/2026\/04\/slika-1-1536x532.jpg 1536w, https:\/\/pd-zirovnica.si\/wp-content\/uploads\/2026\/04\/slika-1.jpg 1774w\" sizes=\"(max-width: 1024px) 100vw, 1024px\" \/><\/figure>\n","protected":false},"excerpt":{"rendered":"<p>Med Alpami in Padsko ni\u017eino \u2013 izlet na Mali Karman (Monte Cuarnan) 1372 m V soboto, 18. aprila, smo v PD \u017dirovnica organizirali\u00a0 izlet v zahodne Julijske Alpe. Z izhodi\u0161\u010da na 590 metrih nadmorske vi\u0161ine (parkiri\u0161\u010de nad Huminom) smo se vzpeli na 1372 metrov visoki Mali Karman. Na nezahtevno ozna\u010deno pot se je podalo \u0161est [&hellip;]<\/p>\n","protected":false},"author":1,"featured_media":0,"parent":0,"menu_order":0,"comment_status":"closed","ping_status":"closed","template":"","meta":{"footnotes":""},"_links":{"self":[{"href":"https:\/\/pd-zirovnica.si\/index.php?rest_route=\/wp\/v2\/pages\/374"}],"collection":[{"href":"https:\/\/pd-zirovnica.si\/index.php?rest_route=\/wp\/v2\/pages"}],"about":[{"href":"https:\/\/pd-zirovnica.si\/index.php?rest_route=\/wp\/v2\/types\/page"}],"author":[{"embeddable":true,"href":"https:\/\/pd-zirovnica.si\/index.php?rest_route=\/wp\/v2\/users\/1"}],"replies":[{"embeddable":true,"href":"https:\/\/pd-zirovnica.si\/index.php?rest_route=%2Fwp%2Fv2%2Fcomments&post=374"}],"version-history":[{"count":9,"href":"https:\/\/pd-zirovnica.si\/index.php?rest_route=\/wp\/v2\/pages\/374\/revisions"}],"predecessor-version":[{"id":392,"href":"https:\/\/pd-zirovnica.si\/index.php?rest_route=\/wp\/v2\/pages\/374\/revisions\/392"}],"wp:attachment":[{"href":"https:\/\/pd-zirovnica.si\/index.php?rest_route=%2Fwp%2Fv2%2Fmedia&parent=374"}],"curies":[{"name":"wp","href":"https:\/\/api.w.org\/{rel}","templated":true}]}}