{"id":77,"date":"2024-05-28T13:59:09","date_gmt":"2024-05-28T13:59:09","guid":{"rendered":"https:\/\/pd-zirovnica.si\/?page_id=77"},"modified":"2026-01-17T12:21:33","modified_gmt":"2026-01-17T12:21:33","slug":"clanarina","status":"publish","type":"page","link":"https:\/\/pd-zirovnica.si\/?page_id=77","title":{"rendered":"\u010cLANARINA"},"content":{"rendered":"\n<blockquote class=\"wp-block-quote is-layout-flow wp-block-quote-is-layout-flow\">\n<p>\u010clani&nbsp;<a href=\"https:\/\/www.pzs.si\/drustva.php\">planinskih dru\u0161tev, alpinisti\u010dnih, \u0161portnoplezalnih in ostalih klubov<\/a>, zdru\u017eenih v&nbsp;<a href=\"https:\/\/www.pzs.si\/vsebina.php?pid=1\">Planinsko zvezo Slovenije<\/a>&nbsp;(\u010dlani PZS), sestavljamo aktivno skupnost obiskovalcev in ljubiteljev gora, narave nasploh in z njima povezanimi aktivnostmi. Planinstvo kot na\u010din \u017eivljenja pomeni, da se obna\u0161amo do (gorske) narave in vseh njenih obiskovalcev odgovorno, ne glede na zvrst udejstvovanja kot je planinstvo, gorni\u0161tvo, alpinizem, turno kolesarstvo in \u0161portno plezanje.<\/p>\n<cite>PZS<\/cite><\/blockquote>\n\n\n\n<p><strong>Obnovitev \u010dlanstva<br><\/strong>V roku 7 delovnih dni po pla\u010dilu Vam bomo po po\u0161ti poslali znamkico in potrdilo o \u010dlanarini. Znamkico nalepite na \u017ee obstoje\u010do \u010dlansko izkaznico.<br><strong>Novi \u010dlani<\/strong><br>Novi \u010dlani boste izpolnili <a href=\"https:\/\/pd-zirovnica.si\/wp-content\/uploads\/2025\/01\/Pristopna-izjava-2025.pdf\">Pristopno izjavo<\/a>, jo skenirano poslali na <strong>info@pd-zirovnica.si<\/strong>, poravnali izbrano \u010dlanarino in novo \u010dlansko izkaznico v vi\u0161ini 2,00 EUR. Izkaznico boste prejeli naknadno po po\u0161ti in sicer predvidoma v roku 10 delovnih dni s strani PZS.<\/p>\n\n\n\n<p><strong>Cene<\/strong><\/p>\n\n\n\n<figure class=\"wp-block-table\"><table><tbody><tr><td>Kategorija<\/td><td>Vi\u0161ina \u010dlanarine<\/td><\/tr><tr><td>A &#8211; polnoletna oseba &#8211; aktivni obiskovalec doma\u010dih in tujih<br>gora z ve\u010djim obsegom ugodnosti<\/td><td>72,00 \u20ac<\/td><\/tr><tr><td>A\/ &#8211; dru\u017einski popust, invalidi z zavarovanjem<\/td><td>65,00 \u20ac<\/td><\/tr><tr><td>B &#8211; polnoletna oseba &#8211; aktivni obiskovalec doma\u010dih in tujih<br>gora z osnovnim obsegom ugodnosti<\/td><td>35,00 \u20ac<\/td><\/tr><tr><td>B\/ &#8211; dru\u017einski popust, invalidi z zavarovanjem<\/td><td>28,00 \u20ac<\/td><\/tr><tr><td>B1 polnoletna oseba &#8211; oseba, starej\u0161a od 65 let z osnovnim obsegom ugodnosti<\/td><td>26,00 \u20ac<\/td><\/tr><tr><td>S+\u0160 &#8211; srednje\u0161olec ali \u0161tudent do vklju\u010dno 26. leta starosti <\/td><td>23,00 \u20ac<\/td><\/tr><tr><td>S+\u0160\/ &#8211; dru\u017einski popust, invalidi z zavarovanjem<\/td><td>18,40 \u20ac<\/td><\/tr><tr><td>P+O &#8211; pred\u0161olski ali osnovno\u0161olski otrok in mladostnik<\/td><td>12,00 \u20ac<\/td><\/tr><tr><td>P+O\/ &#8211; dru\u017einski popust, invalidi z zavarovanjem<\/td><td>9,60 \u20ac<\/td><\/tr><\/tbody><\/table><\/figure>\n\n\n\n<p><strong>Podatki za nakazilo izbrane \u010dlanarine<\/strong><br>Namen pla\u010dila: v namen pla\u010dila obvezno vpi\u0161ite ime in priimek \u010dlana, za katerega ste pla\u010dali \u010dlanarino.<br>Naziv prejemnika: Planinsko dru\u0161tvo \u017dirovnica<br>Naslov prejemnika: \u017dirovnica 63, 4274 \u017dirovnica<br>\u0160tevilka ra\u010duna: SI56 040010048626865 (OTP banka d.d.)<br>SWIFT (pri pla\u010dilu iz tujine): KBMASI2X<br>Sklic: SI00 2026<\/p>\n\n\n\n<p><strong>Novost<\/strong>: elektronska-izkaznica! Vsak \u010dlan, ki ima ob v\u010dlanitvi vpisan veljaven e-po\u0161tni naslov dobi ob pla\u010dilu \u010dlanarine avtomati\u010dno obvestilo, ki \u017ee vsebuje e-izkaznico. Toda pozor! Plasti\u010dna izkaznica trenutno \u0161e ni ukinjena in je za nove \u010dlane obvezna.<\/p>\n","protected":false},"excerpt":{"rendered":"<p>\u010clani&nbsp;planinskih dru\u0161tev, alpinisti\u010dnih, \u0161portnoplezalnih in ostalih klubov, zdru\u017eenih v&nbsp;Planinsko zvezo Slovenije&nbsp;(\u010dlani PZS), sestavljamo aktivno skupnost obiskovalcev in ljubiteljev gora, narave nasploh in z njima povezanimi aktivnostmi. Planinstvo kot na\u010din \u017eivljenja pomeni, da se obna\u0161amo do (gorske) narave in vseh njenih obiskovalcev odgovorno, ne glede na zvrst udejstvovanja kot je planinstvo, gorni\u0161tvo, alpinizem, turno kolesarstvo in [&hellip;]<\/p>\n","protected":false},"author":1,"featured_media":142,"parent":0,"menu_order":0,"comment_status":"closed","ping_status":"closed","template":"vec-besedila","meta":{"footnotes":""},"_links":{"self":[{"href":"https:\/\/pd-zirovnica.si\/index.php?rest_route=\/wp\/v2\/pages\/77"}],"collection":[{"href":"https:\/\/pd-zirovnica.si\/index.php?rest_route=\/wp\/v2\/pages"}],"about":[{"href":"https:\/\/pd-zirovnica.si\/index.php?rest_route=\/wp\/v2\/types\/page"}],"author":[{"embeddable":true,"href":"https:\/\/pd-zirovnica.si\/index.php?rest_route=\/wp\/v2\/users\/1"}],"replies":[{"embeddable":true,"href":"https:\/\/pd-zirovnica.si\/index.php?rest_route=%2Fwp%2Fv2%2Fcomments&post=77"}],"version-history":[{"count":11,"href":"https:\/\/pd-zirovnica.si\/index.php?rest_route=\/wp\/v2\/pages\/77\/revisions"}],"predecessor-version":[{"id":318,"href":"https:\/\/pd-zirovnica.si\/index.php?rest_route=\/wp\/v2\/pages\/77\/revisions\/318"}],"wp:featuredmedia":[{"embeddable":true,"href":"https:\/\/pd-zirovnica.si\/index.php?rest_route=\/wp\/v2\/media\/142"}],"wp:attachment":[{"href":"https:\/\/pd-zirovnica.si\/index.php?rest_route=%2Fwp%2Fv2%2Fmedia&parent=77"}],"curies":[{"name":"wp","href":"https:\/\/api.w.org\/{rel}","templated":true}]}}